{"id":1397,"date":"2024-07-26T12:42:51","date_gmt":"2024-07-26T12:42:51","guid":{"rendered":"https:\/\/%s.piauidigital.pi.gov.br\/home\/?page_id=1397"},"modified":"2025-04-07T17:14:18","modified_gmt":"2025-04-07T17:14:18","slug":"divisa-alteracao-do-responsavel-tecnico","status":"publish","type":"page","link":"https:\/\/www.piauidigital.pi.gov.br\/home\/divisa\/divisa-alteracao-do-responsavel-tecnico\/","title":{"rendered":"DIVISA &#8211; Altera\u00e7\u00e3o do Respons\u00e1vel T\u00e9cnico"},"content":{"rendered":"","protected":false},"excerpt":{"rendered":"","protected":false},"author":1,"featured_media":0,"parent":182,"menu_order":0,"comment_status":"closed","ping_status":"closed","template":"pages\/junta-comercial.php","meta":{"footnotes":""},"class_list":["post-1397","page","type-page","status-publish","hentry"],"acf":[],"_links":{"self":[{"href":"https:\/\/www.piauidigital.pi.gov.br\/home\/wp-json\/wp\/v2\/pages\/1397","targetHints":{"allow":["GET"]}}],"collection":[{"href":"https:\/\/www.piauidigital.pi.gov.br\/home\/wp-json\/wp\/v2\/pages"}],"about":[{"href":"https:\/\/www.piauidigital.pi.gov.br\/home\/wp-json\/wp\/v2\/types\/page"}],"author":[{"embeddable":true,"href":"https:\/\/www.piauidigital.pi.gov.br\/home\/wp-json\/wp\/v2\/users\/1"}],"replies":[{"embeddable":true,"href":"https:\/\/www.piauidigital.pi.gov.br\/home\/wp-json\/wp\/v2\/comments?post=1397"}],"version-history":[{"count":2,"href":"https:\/\/www.piauidigital.pi.gov.br\/home\/wp-json\/wp\/v2\/pages\/1397\/revisions"}],"predecessor-version":[{"id":1464,"href":"https:\/\/www.piauidigital.pi.gov.br\/home\/wp-json\/wp\/v2\/pages\/1397\/revisions\/1464"}],"up":[{"embeddable":true,"href":"https:\/\/www.piauidigital.pi.gov.br\/home\/wp-json\/wp\/v2\/pages\/182"}],"wp:attachment":[{"href":"https:\/\/www.piauidigital.pi.gov.br\/home\/wp-json\/wp\/v2\/media?parent=1397"}],"curies":[{"name":"wp","href":"https:\/\/api.w.org\/{rel}","templated":true}]}}