{"id":1520,"date":"2025-10-22T13:26:12","date_gmt":"2025-10-22T13:26:12","guid":{"rendered":"https:\/\/%s.piauidigital.pi.gov.br\/home\/?page_id=1520"},"modified":"2026-03-04T13:54:29","modified_gmt":"2026-03-04T13:54:29","slug":"adapi-servicos-de-inspecao-de-produtos-de-origem-animal","status":"publish","type":"page","link":"https:\/\/www.piauidigital.pi.gov.br\/home\/adapi-servicos-de-inspecao-de-produtos-de-origem-animal\/","title":{"rendered":"Servi\u00e7os de Inspe\u00e7\u00e3o de Produtos de Origem Animal"},"content":{"rendered":"","protected":false},"excerpt":{"rendered":"","protected":false},"author":1,"featured_media":0,"parent":0,"menu_order":0,"comment_status":"closed","ping_status":"closed","template":"pages\/junta-comercial.php","meta":{"footnotes":""},"class_list":["post-1520","page","type-page","status-publish","hentry"],"acf":[],"_links":{"self":[{"href":"https:\/\/www.piauidigital.pi.gov.br\/home\/wp-json\/wp\/v2\/pages\/1520","targetHints":{"allow":["GET"]}}],"collection":[{"href":"https:\/\/www.piauidigital.pi.gov.br\/home\/wp-json\/wp\/v2\/pages"}],"about":[{"href":"https:\/\/www.piauidigital.pi.gov.br\/home\/wp-json\/wp\/v2\/types\/page"}],"author":[{"embeddable":true,"href":"https:\/\/www.piauidigital.pi.gov.br\/home\/wp-json\/wp\/v2\/users\/1"}],"replies":[{"embeddable":true,"href":"https:\/\/www.piauidigital.pi.gov.br\/home\/wp-json\/wp\/v2\/comments?post=1520"}],"version-history":[{"count":5,"href":"https:\/\/www.piauidigital.pi.gov.br\/home\/wp-json\/wp\/v2\/pages\/1520\/revisions"}],"predecessor-version":[{"id":1560,"href":"https:\/\/www.piauidigital.pi.gov.br\/home\/wp-json\/wp\/v2\/pages\/1520\/revisions\/1560"}],"wp:attachment":[{"href":"https:\/\/www.piauidigital.pi.gov.br\/home\/wp-json\/wp\/v2\/media?parent=1520"}],"curies":[{"name":"wp","href":"https:\/\/api.w.org\/{rel}","templated":true}]}}