{"id":180,"date":"2023-05-23T12:50:12","date_gmt":"2023-05-23T12:50:12","guid":{"rendered":"http:\/\/www.piauidigital.pi.gov.br\/?page_id=180"},"modified":"2026-03-02T14:43:18","modified_gmt":"2026-03-02T14:43:18","slug":"bombeiros","status":"publish","type":"page","link":"https:\/\/www.piauidigital.pi.gov.br\/home\/bombeiros\/","title":{"rendered":"Bombeiros"},"content":{"rendered":"","protected":false},"excerpt":{"rendered":"","protected":false},"author":1,"featured_media":0,"parent":0,"menu_order":0,"comment_status":"closed","ping_status":"closed","template":"template-parts\/page-junta-comercial.php","meta":{"footnotes":""},"class_list":["post-180","page","type-page","status-publish","hentry"],"acf":{"servicos":[{"titulo":"An\u00e1lise de Projeto","conteudo":"","btn":"https:\/\/%s.piauidigital.pi.gov.br\/s\/obtencao\/estadual","parametros":"{'perfil':'104301','tipoDoc':'3'}","method":"POST","mensagem_modal":"","acesso":["visivel_todos"]},{"titulo":"Atestado de regularidade ","conteudo":"","btn":"https:\/\/%s.piauidigital.pi.gov.br\/s\/obtencao\/estadual","parametros":"{'perfil':'104301','tipoDoc':'13'}","method":"POST","mensagem_modal":"","acesso":["visivel_todos"]},{"titulo":"Atestado de regularidade simplificado","conteudo":"","btn":"https:\/\/%s.piauidigital.pi.gov.br\/s\/obtencao\/estadual","parametros":"{'perfil':'104301','tipoDoc':'15'}","method":"POST","mensagem_modal":"","acesso":["visivel_todos"]},{"titulo":"Credenciamento de Pessoa F\u00edsica","conteudo":"","btn":"credenciamento-pessoa-fisica","parametros":"","method":"POST","mensagem_modal":"","acesso":["visivel_todos"]},{"titulo":"Credenciamento de Pessoa Jur\u00eddica","conteudo":"","btn":"credenciamento-pessoa-juridica","parametros":"","method":"POST","mensagem_modal":"","acesso":["visivel_todos"]},{"titulo":"Certid\u00e3o de Dispensa de Licenciamento","conteudo":"","btn":"https:\/\/%s.piauidigital.pi.gov.br\/s\/obtencao\/estadual","parametros":"{'perfil':'104301','tipoDoc':'22'}","method":"POST","mensagem_modal":"","acesso":["visivel_todos"]},{"titulo":"Certid\u00e3o de ocorr\u00eancia","conteudo":"Trata-se do documento emitido pelo CBMEPI que comprova o atendimento de ocorr\u00eancias a uma pessoa ou estabelecimento","btn":"http:\/\/www.cbm.pi.gov.br\/ocorrencia.php","parametros":"","method":"POST","mensagem_modal":"","acesso":["visivel_todos"]},{"titulo":"Den\u00fancia","conteudo":"Trata-se do acesso ao m\u00f3dulo de den\u00fancia","btn":"denuncia","parametros":"","method":"POST","mensagem_modal":"","acesso":["visivel_todos"]},{"titulo":"Regulariza\u00e7\u00e3o","conteudo":"Trata-se da regulariza\u00e7\u00e3o das licen\u00e7as dos bombeiros para o estabelecimento de matriz e filial","btn":"bombeiro-regularizacao","parametros":"","method":"POST","mensagem_modal":"","acesso":["visivel_deve"]},{"titulo":"Renova\u00e7\u00e3o","conteudo":"Trata-se da renova\u00e7\u00e3o das licen\u00e7as dos bombeiros para o estabelecimento da matriz e filial","btn":"bombeiro-renovacao","parametros":"","method":"POST","mensagem_modal":"","acesso":["visivel_todos"]}]},"_links":{"self":[{"href":"https:\/\/www.piauidigital.pi.gov.br\/home\/wp-json\/wp\/v2\/pages\/180","targetHints":{"allow":["GET"]}}],"collection":[{"href":"https:\/\/www.piauidigital.pi.gov.br\/home\/wp-json\/wp\/v2\/pages"}],"about":[{"href":"https:\/\/www.piauidigital.pi.gov.br\/home\/wp-json\/wp\/v2\/types\/page"}],"author":[{"embeddable":true,"href":"https:\/\/www.piauidigital.pi.gov.br\/home\/wp-json\/wp\/v2\/users\/1"}],"replies":[{"embeddable":true,"href":"https:\/\/www.piauidigital.pi.gov.br\/home\/wp-json\/wp\/v2\/comments?post=180"}],"version-history":[{"count":5,"href":"https:\/\/www.piauidigital.pi.gov.br\/home\/wp-json\/wp\/v2\/pages\/180\/revisions"}],"predecessor-version":[{"id":1556,"href":"https:\/\/www.piauidigital.pi.gov.br\/home\/wp-json\/wp\/v2\/pages\/180\/revisions\/1556"}],"wp:attachment":[{"href":"https:\/\/www.piauidigital.pi.gov.br\/home\/wp-json\/wp\/v2\/media?parent=180"}],"curies":[{"name":"wp","href":"https:\/\/api.w.org\/{rel}","templated":true}]}}