{"id":315,"date":"2023-05-23T22:46:15","date_gmt":"2023-05-23T22:46:15","guid":{"rendered":"http:\/\/%s.piauidigital.pi.gov.br\/?page_id=315"},"modified":"2023-06-05T13:37:39","modified_gmt":"2023-06-05T13:37:39","slug":"ata-reuniao-conselho-administracao","status":"publish","type":"page","link":"https:\/\/www.piauidigital.pi.gov.br\/home\/ata-reuniao-conselho-administracao\/","title":{"rendered":"Ata ser\u00e1 realizada altera\u00e7\u00e3o cadastral?"},"content":{"rendered":"","protected":false},"excerpt":{"rendered":"","protected":false},"author":1,"featured_media":0,"parent":0,"menu_order":0,"comment_status":"closed","ping_status":"closed","template":"pages\/junta-comercial.php","meta":{"footnotes":""},"class_list":["post-315","page","type-page","status-publish","hentry"],"acf":[],"_links":{"self":[{"href":"https:\/\/www.piauidigital.pi.gov.br\/home\/wp-json\/wp\/v2\/pages\/315","targetHints":{"allow":["GET"]}}],"collection":[{"href":"https:\/\/www.piauidigital.pi.gov.br\/home\/wp-json\/wp\/v2\/pages"}],"about":[{"href":"https:\/\/www.piauidigital.pi.gov.br\/home\/wp-json\/wp\/v2\/types\/page"}],"author":[{"embeddable":true,"href":"https:\/\/www.piauidigital.pi.gov.br\/home\/wp-json\/wp\/v2\/users\/1"}],"replies":[{"embeddable":true,"href":"https:\/\/www.piauidigital.pi.gov.br\/home\/wp-json\/wp\/v2\/comments?post=315"}],"version-history":[{"count":2,"href":"https:\/\/www.piauidigital.pi.gov.br\/home\/wp-json\/wp\/v2\/pages\/315\/revisions"}],"predecessor-version":[{"id":923,"href":"https:\/\/www.piauidigital.pi.gov.br\/home\/wp-json\/wp\/v2\/pages\/315\/revisions\/923"}],"wp:attachment":[{"href":"https:\/\/www.piauidigital.pi.gov.br\/home\/wp-json\/wp\/v2\/media?parent=315"}],"curies":[{"name":"wp","href":"https:\/\/api.w.org\/{rel}","templated":true}]}}